{"id":339,"date":"2017-04-02T16:03:17","date_gmt":"2017-04-02T14:03:17","guid":{"rendered":"http:\/\/www2.naegele.it\/datenschutzrichtlinien\/"},"modified":"2018-06-08T08:19:31","modified_gmt":"2018-06-08T06:19:31","slug":"privacy","status":"publish","type":"page","link":"https:\/\/naegele.it\/it\/privacy\/","title":{"rendered":"Privacy"},"content":{"rendered":"<p>INFORMATIVA PER IL TRATTAMENTO DEI DATI PERSONALI<\/p>\n<p>N\u00e4gele K. &#038; A. Srl, con sede legale in 39022 Lagundo (BZ), v. Josef Weingartner, 14, CF e P. IVA 00126160217 (in seguito \u201cTitolare\u201d), in qualit\u00e0 di titolare del trattamento, La informa ai sensi dell\u2019art. 13 D.Lgs. 30.06.2003 n. 196 (in seguito, \u201cCodice Privacy\u201d) e dell\u2019art. 13 Regolamento UE n. 2016\/679 (in seguito, \u201cGDPR\u201d) che i Suoi dati saranno trattati con le modalit\u00e0 e per le finalit\u00e0 seguenti:<\/p>\n<p>1. Oggetto del Trattamento<\/p>\n<p>Il Titolare tratta i dati personali, identificativi (ad esempio, nome, cognome, ragione sociale, indirizzo, telefono, e-mail, PEC, riferimenti bancari e di pagamento) &#8211; in seguito, \u201cdati personali\u201d o anche \u201cdati\u201d &#8211; da Lei comunicati in occasione della conclusione di contratti per servizi e prodotti del Titolare.<\/p>\n<p>2. Finalit\u00e0 del trattamento<\/p>\n<p>I Suoi dati personali sono trattati:<\/p>\n<p>A) senza il Suo consenso espresso (art. 24 lett. a), b), c) Codice Privacy e art. 6 lett. b), e) GDPR), per le seguenti Finalit\u00e0 di Servizio:<\/p>\n<p>&#8211; conclusione di contratti per i Servizi e i Prodotti del Titolare;<\/p>\n<p>&#8211; adempiere agli obblighi precontrattuali, contrattuali e fiscali derivanti da rapporti commerciali con Lei in essere;<\/p>\n<p>&#8211; adempiere agli obblighi previsti dalla legge, da un regolamento, dalla normativa comunitaria o da un ordine dell\u2019Autorit\u00e0 (come ad esempio in materia di antiriciclaggio);<\/p>\n<p>&#8211; esercitare i diritti del Titolare, ad esempio il diritto di difesa in giudizio;<\/p>\n<p>B) Solo previo Suo espresso e specifico consenso (artt. 23 e 130 Codice Privacy e art. 7 GDPR), per le seguenti Finalit\u00e0 di Marketing:<\/p>\n<p>&#8211; inviarLe via e-mail, posta e\/o sms e\/o contatti telefonici, newsletter, comunicazioni commerciali e\/o materiale pubblicitario su prodotti o servizi offerti dal Titolare e rilevazione del grado di soddisfazione sulla qualit\u00e0 dei servizi;<\/p>\n<p>&#8211; inviarLe via e-mail, posta e\/o sms e\/o contatti telefonici comunicazioni commerciali e\/o promozionali di soggetti terzi (ad esempio, business partner).<\/p>\n<p>Qualora i dati comunicati debbano essere utilizzati per finalit\u00e0 diverse rispetto a quelle di cui sopra, prima di tale ulteriore trattamento Le verranno fornite informazioni in merito a tale diversa finalit\u00e0.<\/p>\n<p>3. Modalit\u00e0 di trattamento<\/p>\n<p>Il trattamento dei Suoi dati personali \u00e8 realizzato per mezzo delle operazioni indicate all\u2019art. 4 Codice Privacy e all\u2019art. 4 n. 2) GDPR e precisamente: la raccolta, la registrazione, l&#8217;organizzazione, la strutturazione, la conservazione, l&#8217;adattamento o la modifica, l&#8217;estrazione, la consultazione, l&#8217;uso, la comunicazione mediante trasmissione, diffusione o qualsiasi altra forma di messa a disposizione, il raffronto o l&#8217;interconnessione, la limitazione, la cancellazione o la distruzione. I Suoi dati personali sono sottoposti a trattamento sia cartaceo che elettronico.<\/p>\n<p>Il Titolare tratter\u00e0 i dati personali per il tempo necessario per adempiere alle finalit\u00e0 di cui sopra e comunque per non oltre 10 anni dalla cessazione del rapporto per le Finalit\u00e0 di Servizio e per non oltre 10 anni dalla raccolta dei dati per le Finalit\u00e0 di Marketing.<\/p>\n<p>4. Accesso ai dati<\/p>\n<p>I Suoi dati potranno essere resi accessibili per le finalit\u00e0 di cui all\u2019art. 2.A) e 2.B):<\/p>\n<p>&#8211; a dipendenti e collaboratori del Titolare, nella loro qualit\u00e0 di incaricati e\/o responsabili interni del trattamento e\/o amministratori di sistema;<\/p>\n<p>&#8211; a societ\u00e0 terze o altri soggetti (a titolo indicativo fornitori e produttori, istituti di credito, studi professionali, consulenti, societ\u00e0 di assicurazione per la prestazione di servizi assicurativi, etc.) che svolgono attivit\u00e0 in outsourcing per conto del Titolare ovvero offrono servizi, nella loro qualit\u00e0 di incaricati e\/o responsabili esterni del trattamento.<\/p>\n<p>5. Comunicazione dei dati<\/p>\n<p>Senza la necessit\u00e0 di un espresso consenso (ex art. 24 lett. a), b), d) Codice Privacy e art. 6 lett. b) e c) GDPR), il Titolare potr\u00e0 comunicare i Suoi dati per le finalit\u00e0 di cui all\u2019art. 2.A) a Organismi di vigilanza, Autorit\u00e0 giudiziarie, a societ\u00e0 di assicurazione per la prestazione di servizi assicurativi, nonch\u00e9 a quei soggetti ai quali la comunicazione sia obbligatoria per legge per l\u2019espletamento delle finalit\u00e0 dette. Detti soggetti tratteranno i dati nella loro qualit\u00e0 di autonomi titolari del trattamento.<\/p>\n<p>I Suoi dati non saranno diffusi.<\/p>\n<p>6. Trasferimento e conservazione dei dati<\/p>\n<p>I dati personali sono conservati su server ubicati presso la sede del Titolare, all\u2019interno dell\u2019Unione Europea.<\/p>\n<p>Il Titolare assicura sin d\u2019ora che i dati trattati non verranno trasferiti in paesi extra-UE ovvero ad organizzazioni internazionali.<\/p>\n<p>7. Natura del conferimento dei dati e conseguenze della mancata comunicazione<\/p>\n<p>Il conferimento dei dati per le finalit\u00e0 di cui all\u2019art. 2.A) \u00e8 obbligatorio. In loro assenza, non potremo garantirLe i Servizi e i Prodotti dell\u2019art. 2.A).<\/p>\n<p>Il conferimento dei dati per le finalit\u00e0 di cui all\u2019art. 2.B) \u00e8 invece facoltativo. Pu\u00f2 quindi decidere di non conferire alcun dato o di negare successivamente la possibilit\u00e0 di trattare dati gi\u00e0 forniti: in tal caso, non potr\u00e0 ricevere newsletter, comunicazioni commerciali e materiale pubblicitario inerenti ai Servizi e Prodotti offerti dal Titolare. Continuer\u00e0 comunque ad avere diritto ai Servizi e Prodotti di cui all\u2019art. 2.A).<\/p>\n<p>8. Diritti dell\u2019interessato<\/p>\n<p>In qualit\u00e0 di interessato, Le \u00e8 garantito il diritto di accesso di cui all\u2019art. 7 Codice Privacy e art. 15 GDPR e precisamente i diritti di:<\/p>\n<p>I. ottenere la conferma dell&#8217;esistenza o meno di dati personali che La riguardano, anche se non ancora registrati, e la loro comunicazione in forma intelligibile;<br \/>\nII. ottenere l&#8217;indicazione: a) dell&#8217;origine dei dati personali; b) delle finalit\u00e0 e modalit\u00e0 del trattamento; c) della logica applicata in caso di trattamento effettuato con l&#8217;ausilio di strumenti elettronici; d) degli estremi identificativi del titolare, dei responsabili e del rappresentante designato ai sensi dell&#8217;art. 5, comma 2 Codice Privacy e art. 3, comma 1, GDPR; e) dei soggetti o delle categorie di soggetti ai quali i dati personali possono essere comunicati o che possono venirne a conoscenza in qualit\u00e0 di rappresentante designato nel territorio dello Stato, di responsabili o incaricati;<\/p>\n<p>III. ottenere: a) l&#8217;aggiornamento, la rettificazione ovvero, quando vi ha interesse, l&#8217;integrazione dei dati; b) la cancellazione, la trasformazione in forma anonima o il blocco dei dati trattati in violazione di legge, compresi quelli di cui non \u00e8 necessaria la conservazione in relazione agli scopi per i quali i dati sono stati raccolti o successivamente trattati; c) l&#8217;attestazione che le operazioni di cui alle lettere a) e b) sono state portate a conoscenza, anche per quanto riguarda il loro contenuto, di coloro ai quali i dati sono stati comunicati o diffusi, eccettuato il caso in cui tale adempimento si rivela impossibile o comporta un impiego di mezzi manifestamente sproporzionato rispetto al diritto tutelato;<br \/>\nIV. opporsi, in tutto o in parte: a) per motivi legittimi al trattamento dei dati personali che La riguardano, ancorch\u00e9 pertinenti allo scopo della raccolta; b) al trattamento di dati personali che La riguardano a fini di invio di materiale pubblicitario o di vendita diretta o per il compimento di ricerche di mercato o di comunicazione commerciale, mediante l\u2019uso di sistemi automatizzati di chiamata senza l\u2019intervento di un operatore mediante e-mail e\/o mediante modalit\u00e0 di marketing tradizionali mediante telefono e\/o posta cartacea. Si fa presente che il diritto di opposizione dell\u2019interessato, esposto al precedente punto b), per finalit\u00e0 di marketing diretto mediante modalit\u00e0 automatizzate si estende a quelle tradizionali e che comunque resta salva la possibilit\u00e0 per l\u2019interessato di esercitare il diritto di opposizione anche solo in parte. Pertanto, l\u2019interessato pu\u00f2 decidere di ricevere solo comunicazioni mediante modalit\u00e0 tradizionali ovvero solo comunicazioni automatizzate oppure nessuna delle due tipologie di comunicazione.<\/p>\n<p>Sono altres\u00ec garantiti, ove applicabili, i diritti di cui agli artt. 16-21 GDPR, ed in particolare: <\/p>\n<p>I.\tIl diritto di ottenere la rettifica dei dati personali inesatti che La riguardano senza ingiustificato ritardo;<br \/>\nII.\tdiritto di ottenere la cancellazione dei dati personali che La riguardano in caso di cessata necessit\u00e0, revoca del consenso, opposizione al trattamento, trattamento illecito, adempimento di un obbligo legale (c.d. diritto all\u2019oblio); la revoca non pregiudica la liceit\u00e0 dei trattamenti effettuati prima del ritiro del consenso.<\/p>\n<p>III.\tdiritto alla limitazione del trattamento in caso di contestazione dell\u2019esattezza dei dati per il periodo necessario alla loro verifica, in caso di Sua richiesta espressa qualora il trattamento sia illecito, in caso di necessit\u00e0 per l\u2019accertamento, l\u2019esercizio o la difesa di un diritto in sede giudiziaria da parte Sua, in caso di controversia conseguente all\u2019opposizione al trattamento;<\/p>\n<p>IV.\tdiritto al ricevimento, in un formato strutturato, di uso comune e leggibile da dispositivo automatico, dei dati personali che La riguardano e il diritto di richiedere che tali dati vengano trasmessi ad un altro titolare del trattamento (c.d. diritto alla portabilit\u00e0 dei dati).<\/p>\n<p>V.\tDiritto di proporre reclamo all\u2019autorit\u00e0 Garante per la protezione dei dati personali, consegnando l\u2019atto a mano presso gli uffici del Garante o mediante l\u2019inoltro di: a) una raccomandata A\/R indirizzata a Garante per la protezione dei dati personali, Piazza di Monte Citorio, 121 \u2013 00186 Roma, b) e-mail all\u2019indirizzo garante@gpdp.it, c) fax al numero 06\/69677.3785.<\/p>\n<p>9. Modalit\u00e0 di esercizio dei diritti<\/p>\n<p>Potr\u00e0 in qualsiasi momento esercitare i diritti di cui sopra inviando:<br \/>\n&#8211;\tuna raccomandata AR a N\u00e4gele K. &#038; A. Srl, v. Josef Weingartner, 14 \u2013 39022 Lagundo (BZ);<br \/>\n&#8211;\tuna e-mail all\u2019indirizzo <a href=\"mailto:info@n\u00e4gele.it\">info@n\u00e4gele.it<\/a>.<br \/>\n&#8211;\tuna PEC all\u2019indirizzo <a href=\"mailto:naegele@legalmail.it\">naegele@legalmail.it<\/a>.<\/p>\n<p>12. Titolare, responsabile e incaricati<\/p>\n<p>Il Titolare del trattamento \u00e8 N\u00e4gele K. &#038; A. Srl., con sede legale in 39022 Lagundo (BZ), v. Josef Weingartner, 14, CF e P. IVA 00126160217.<\/p>\n<p>L\u2019elenco aggiornato dei responsabili (interni ed esterni) e degli incaricati al trattamento \u00e8 custodito presso la sede legale del Titolare del trattamento.<\/p>\n","protected":false},"excerpt":{"rendered":"<p>INFORMATIVA PER IL TRATTAMENTO DEI DATI PERSONALI N\u00e4gele K. &#038; A. Srl, con sede legale in 39022 Lagundo (BZ), v. Josef Weingartner, 14, CF e P. IVA 00126160217 (in seguito \u201cTitolare\u201d), in qualit\u00e0 di titolare del trattamento, La informa ai sensi dell\u2019art. 13 D.Lgs. 30.06.2003 n. 196 (in seguito, \u201cCodice Privacy\u201d) e dell\u2019art. 13 Regolamento [&hellip;]<\/p>\n","protected":false},"author":1,"featured_media":0,"parent":0,"menu_order":0,"comment_status":"closed","ping_status":"closed","template":"","meta":{"footnotes":""},"class_list":["post-339","page","type-page","status-publish","hentry"],"acf":[],"yoast_head":"<!-- This site is optimized with the Yoast SEO plugin v27.3 - https:\/\/yoast.com\/product\/yoast-seo-wordpress\/ -->\n<title>Privacy - N\u00e4gele - Mein Getr\u00e4nkemarkt<\/title>\n<meta name=\"robots\" content=\"index, follow, max-snippet:-1, max-image-preview:large, max-video-preview:-1\" \/>\n<link rel=\"canonical\" href=\"https:\/\/naegele.it\/it\/privacy\/\" \/>\n<meta property=\"og:locale\" content=\"it_IT\" \/>\n<meta property=\"og:type\" content=\"article\" \/>\n<meta property=\"og:title\" content=\"Privacy - N\u00e4gele - Mein Getr\u00e4nkemarkt\" \/>\n<meta property=\"og:description\" content=\"INFORMATIVA PER IL TRATTAMENTO DEI DATI PERSONALI N\u00e4gele K. &#038; A. Srl, con sede legale in 39022 Lagundo (BZ), v. Josef Weingartner, 14, CF e P. IVA 00126160217 (in seguito \u201cTitolare\u201d), in qualit\u00e0 di titolare del trattamento, La informa ai sensi dell\u2019art. 13 D.Lgs. 30.06.2003 n. 196 (in seguito, \u201cCodice Privacy\u201d) e dell\u2019art. 13 Regolamento [&hellip;]\" \/>\n<meta property=\"og:url\" content=\"https:\/\/naegele.it\/it\/privacy\/\" \/>\n<meta property=\"og:site_name\" content=\"N\u00e4gele - Mein Getr\u00e4nkemarkt\" \/>\n<meta property=\"article:modified_time\" content=\"2018-06-08T06:19:31+00:00\" \/>\n<meta name=\"twitter:card\" content=\"summary_large_image\" \/>\n<meta name=\"twitter:label1\" content=\"Tempo di lettura stimato\" \/>\n\t<meta name=\"twitter:data1\" content=\"8 minuti\" \/>\n<script type=\"application\/ld+json\" class=\"yoast-schema-graph\">{\"@context\":\"https:\\\/\\\/schema.org\",\"@graph\":[{\"@type\":\"WebPage\",\"@id\":\"https:\\\/\\\/naegele.it\\\/it\\\/privacy\\\/\",\"url\":\"https:\\\/\\\/naegele.it\\\/it\\\/privacy\\\/\",\"name\":\"Privacy - N\u00e4gele - Mein Getr\u00e4nkemarkt\",\"isPartOf\":{\"@id\":\"https:\\\/\\\/naegele.it\\\/#website\"},\"datePublished\":\"2017-04-02T14:03:17+00:00\",\"dateModified\":\"2018-06-08T06:19:31+00:00\",\"breadcrumb\":{\"@id\":\"https:\\\/\\\/naegele.it\\\/it\\\/privacy\\\/#breadcrumb\"},\"inLanguage\":\"it-IT\",\"potentialAction\":[{\"@type\":\"ReadAction\",\"target\":[\"https:\\\/\\\/naegele.it\\\/it\\\/privacy\\\/\"]}]},{\"@type\":\"BreadcrumbList\",\"@id\":\"https:\\\/\\\/naegele.it\\\/it\\\/privacy\\\/#breadcrumb\",\"itemListElement\":[{\"@type\":\"ListItem\",\"position\":1,\"name\":\"Startseite\",\"item\":\"https:\\\/\\\/naegele.it\\\/it\\\/\"},{\"@type\":\"ListItem\",\"position\":2,\"name\":\"Privacy\"}]},{\"@type\":\"WebSite\",\"@id\":\"https:\\\/\\\/naegele.it\\\/#website\",\"url\":\"https:\\\/\\\/naegele.it\\\/\",\"name\":\"N\u00e4gele - Mein Getr\u00e4nkemarkt\",\"description\":\"Eine weitere WordPress-Website\",\"potentialAction\":[{\"@type\":\"SearchAction\",\"target\":{\"@type\":\"EntryPoint\",\"urlTemplate\":\"https:\\\/\\\/naegele.it\\\/?s={search_term_string}\"},\"query-input\":{\"@type\":\"PropertyValueSpecification\",\"valueRequired\":true,\"valueName\":\"search_term_string\"}}],\"inLanguage\":\"it-IT\"}]}<\/script>\n<!-- \/ Yoast SEO plugin. -->","yoast_head_json":{"title":"Privacy - N\u00e4gele - Mein Getr\u00e4nkemarkt","robots":{"index":"index","follow":"follow","max-snippet":"max-snippet:-1","max-image-preview":"max-image-preview:large","max-video-preview":"max-video-preview:-1"},"canonical":"https:\/\/naegele.it\/it\/privacy\/","og_locale":"it_IT","og_type":"article","og_title":"Privacy - N\u00e4gele - Mein Getr\u00e4nkemarkt","og_description":"INFORMATIVA PER IL TRATTAMENTO DEI DATI PERSONALI N\u00e4gele K. &#038; A. Srl, con sede legale in 39022 Lagundo (BZ), v. Josef Weingartner, 14, CF e P. IVA 00126160217 (in seguito \u201cTitolare\u201d), in qualit\u00e0 di titolare del trattamento, La informa ai sensi dell\u2019art. 13 D.Lgs. 30.06.2003 n. 196 (in seguito, \u201cCodice Privacy\u201d) e dell\u2019art. 13 Regolamento [&hellip;]","og_url":"https:\/\/naegele.it\/it\/privacy\/","og_site_name":"N\u00e4gele - Mein Getr\u00e4nkemarkt","article_modified_time":"2018-06-08T06:19:31+00:00","twitter_card":"summary_large_image","twitter_misc":{"Tempo di lettura stimato":"8 minuti"},"schema":{"@context":"https:\/\/schema.org","@graph":[{"@type":"WebPage","@id":"https:\/\/naegele.it\/it\/privacy\/","url":"https:\/\/naegele.it\/it\/privacy\/","name":"Privacy - N\u00e4gele - Mein Getr\u00e4nkemarkt","isPartOf":{"@id":"https:\/\/naegele.it\/#website"},"datePublished":"2017-04-02T14:03:17+00:00","dateModified":"2018-06-08T06:19:31+00:00","breadcrumb":{"@id":"https:\/\/naegele.it\/it\/privacy\/#breadcrumb"},"inLanguage":"it-IT","potentialAction":[{"@type":"ReadAction","target":["https:\/\/naegele.it\/it\/privacy\/"]}]},{"@type":"BreadcrumbList","@id":"https:\/\/naegele.it\/it\/privacy\/#breadcrumb","itemListElement":[{"@type":"ListItem","position":1,"name":"Startseite","item":"https:\/\/naegele.it\/it\/"},{"@type":"ListItem","position":2,"name":"Privacy"}]},{"@type":"WebSite","@id":"https:\/\/naegele.it\/#website","url":"https:\/\/naegele.it\/","name":"N\u00e4gele - Mein Getr\u00e4nkemarkt","description":"Eine weitere WordPress-Website","potentialAction":[{"@type":"SearchAction","target":{"@type":"EntryPoint","urlTemplate":"https:\/\/naegele.it\/?s={search_term_string}"},"query-input":{"@type":"PropertyValueSpecification","valueRequired":true,"valueName":"search_term_string"}}],"inLanguage":"it-IT"}]}},"_links":{"self":[{"href":"https:\/\/naegele.it\/it\/wp-json\/wp\/v2\/pages\/339","targetHints":{"allow":["GET"]}}],"collection":[{"href":"https:\/\/naegele.it\/it\/wp-json\/wp\/v2\/pages"}],"about":[{"href":"https:\/\/naegele.it\/it\/wp-json\/wp\/v2\/types\/page"}],"author":[{"embeddable":true,"href":"https:\/\/naegele.it\/it\/wp-json\/wp\/v2\/users\/1"}],"replies":[{"embeddable":true,"href":"https:\/\/naegele.it\/it\/wp-json\/wp\/v2\/comments?post=339"}],"version-history":[{"count":6,"href":"https:\/\/naegele.it\/it\/wp-json\/wp\/v2\/pages\/339\/revisions"}],"predecessor-version":[{"id":679,"href":"https:\/\/naegele.it\/it\/wp-json\/wp\/v2\/pages\/339\/revisions\/679"}],"wp:attachment":[{"href":"https:\/\/naegele.it\/it\/wp-json\/wp\/v2\/media?parent=339"}],"curies":[{"name":"wp","href":"https:\/\/api.w.org\/{rel}","templated":true}]}}